{"id":190,"date":"2021-07-13T13:11:52","date_gmt":"2021-07-13T11:11:52","guid":{"rendered":"https:\/\/test.lcaconseils.com\/?page_id=190"},"modified":"2021-07-14T10:00:07","modified_gmt":"2021-07-14T08:00:07","slug":"outils","status":"publish","type":"page","link":"https:\/\/test.lcaconseils.com\/index.php\/outils\/","title":{"rendered":"Outils"},"content":{"rendered":"\t\t<div data-elementor-type=\"wp-page\" data-elementor-id=\"190\" class=\"elementor elementor-190\" data-elementor-settings=\"[]\">\n\t\t\t\t\t\t\t<div class=\"elementor-section-wrap\">\n\t\t\t\t\t\t\t<section class=\"elementor-section elementor-top-section elementor-element elementor-element-3a19f24 elementor-section-boxed elementor-section-height-default elementor-section-height-default\" data-id=\"3a19f24\" data-element_type=\"section\">\n\t\t\t\t\t\t<div class=\"elementor-container elementor-column-gap-default\">\n\t\t\t\t\t<div class=\"elementor-column elementor-col-100 elementor-top-column elementor-element elementor-element-4aa683c\" data-id=\"4aa683c\" data-element_type=\"column\">\n\t\t\t<div class=\"elementor-widget-wrap elementor-element-populated\">\n\t\t\t\t\t\t\t\t<div class=\"elementor-element elementor-element-926c2fc elementor-widget elementor-widget-heading\" data-id=\"926c2fc\" data-element_type=\"widget\" data-widget_type=\"heading.default\">\n\t\t\t\t<div class=\"elementor-widget-container\">\n\t\t\t<h2 class=\"elementor-heading-title elementor-size-default\">Gestimmo<\/h2>\t\t<\/div>\n\t\t\t\t<\/div>\n\t\t\t\t<div class=\"elementor-element elementor-element-983951f elementor-widget elementor-widget-text-editor\" data-id=\"983951f\" data-element_type=\"widget\" data-widget_type=\"text-editor.default\">\n\t\t\t\t<div class=\"elementor-widget-container\">\n\t\t\t\t\t\t\t\t<h3>Le logiciel de gestion des biens physiques<\/h3><p>LCA CONSEILS a d\u00e9velopp\u00e9 un logiciel d\u2019inventaire physique complet sp\u00e9cialement pens\u00e9 pour les utilisateurs et les acteurs de l\u2019inventaire, mais r\u00e9pondant \u00e9galement aux obligations et aux contraintes juridiques, comptables et financi\u00e8res.<\/p>\t\t\t\t\t\t<\/div>\n\t\t\t\t<\/div>\n\t\t\t\t<div class=\"elementor-element elementor-element-9c4c259 elementor-arrows-position-outside elementor-pagination-position-outside elementor-widget elementor-widget-image-carousel\" data-id=\"9c4c259\" data-element_type=\"widget\" data-settings=\"{&quot;slides_to_show&quot;:&quot;2&quot;,&quot;autoplay&quot;:&quot;no&quot;,&quot;infinite&quot;:&quot;no&quot;,&quot;navigation&quot;:&quot;both&quot;,&quot;speed&quot;:500}\" data-widget_type=\"image-carousel.default\">\n\t\t\t\t<div class=\"elementor-widget-container\">\n\t\t\t\t\t<div class=\"elementor-image-carousel-wrapper swiper-container\" dir=\"ltr\">\n\t\t\t<div class=\"elementor-image-carousel swiper-wrapper\">\n\t\t\t\t<div class=\"swiper-slide\"><figure class=\"swiper-slide-inner\"><img class=\"swiper-slide-image\" src=\"https:\/\/test.lcaconseils.com\/wp-content\/uploads\/2021\/07\/LCAConseils-GESTIMMO.png\" alt=\"LCAConseils GESTIMMO\" \/><\/figure><\/div><div class=\"swiper-slide\"><figure class=\"swiper-slide-inner\"><img class=\"swiper-slide-image\" src=\"https:\/\/test.lcaconseils.com\/wp-content\/uploads\/2021\/07\/GdBGv33.png\" alt=\"Gestion des biens\" \/><\/figure><\/div><div class=\"swiper-slide\"><figure class=\"swiper-slide-inner\"><img class=\"swiper-slide-image\" src=\"https:\/\/test.lcaconseils.com\/wp-content\/uploads\/2021\/07\/GdlGv33.png\" alt=\"GdlGv33\" \/><\/figure><\/div><div class=\"swiper-slide\"><figure class=\"swiper-slide-inner\"><img class=\"swiper-slide-image\" src=\"https:\/\/test.lcaconseils.com\/wp-content\/uploads\/2021\/07\/demg33.png\" alt=\"demg33\" \/><\/figure><\/div><div class=\"swiper-slide\"><figure class=\"swiper-slide-inner\"><img class=\"swiper-slide-image\" src=\"https:\/\/test.lcaconseils.com\/wp-content\/uploads\/2021\/07\/deplacg33.png\" alt=\"deplacg33\" \/><\/figure><\/div><div class=\"swiper-slide\"><figure class=\"swiper-slide-inner\"><img class=\"swiper-slide-image\" src=\"https:\/\/test.lcaconseils.com\/wp-content\/uploads\/2021\/07\/GdcGv33.png\" alt=\"GdcGv33\" \/><\/figure><\/div><div class=\"swiper-slide\"><figure class=\"swiper-slide-inner\"><img class=\"swiper-slide-image\" src=\"https:\/\/test.lcaconseils.com\/wp-content\/uploads\/2021\/07\/GestimmoImprimerTous.png\" alt=\"GestimmoImprimerTous\" \/><\/figure><\/div><div class=\"swiper-slide\"><figure class=\"swiper-slide-inner\"><img class=\"swiper-slide-image\" src=\"https:\/\/test.lcaconseils.com\/wp-content\/uploads\/2021\/07\/GestimmoExporter.png\" alt=\"GestimmoExporter\" \/><\/figure><\/div><div class=\"swiper-slide\"><figure class=\"swiper-slide-inner\"><img class=\"swiper-slide-image\" src=\"https:\/\/test.lcaconseils.com\/wp-content\/uploads\/2021\/07\/GestimmoStatistique.png\" alt=\"GestimmoStatistique\" \/><\/figure><\/div><div class=\"swiper-slide\"><figure class=\"swiper-slide-inner\"><img class=\"swiper-slide-image\" src=\"https:\/\/test.lcaconseils.com\/wp-content\/uploads\/2021\/07\/GestimmoImprimerCaB.png\" alt=\"GestimmoImprimerCaB\" \/><\/figure><\/div><div class=\"swiper-slide\"><figure class=\"swiper-slide-inner\"><img class=\"swiper-slide-image\" src=\"https:\/\/test.lcaconseils.com\/wp-content\/uploads\/2021\/07\/histog33.png\" alt=\"histog33\" \/><\/figure><\/div>\t\t\t<\/div>\n\t\t\t\t\t\t\t\t\t\t\t\t<div class=\"swiper-pagination\"><\/div>\n\t\t\t\t\t\t\t\t\t\t\t\t\t<div class=\"elementor-swiper-button elementor-swiper-button-prev\">\n\t\t\t\t\t\t<i class=\"eicon-chevron-left\" aria-hidden=\"true\"><\/i>\n\t\t\t\t\t\t<span class=\"elementor-screen-only\">Previous<\/span>\n\t\t\t\t\t<\/div>\n\t\t\t\t\t<div class=\"elementor-swiper-button elementor-swiper-button-next\">\n\t\t\t\t\t\t<i class=\"eicon-chevron-right\" aria-hidden=\"true\"><\/i>\n\t\t\t\t\t\t<span class=\"elementor-screen-only\">Next<\/span>\n\t\t\t\t\t<\/div>\n\t\t\t\t\t\t\t\t\t<\/div>\n\t\t\t\t<\/div>\n\t\t\t\t<\/div>\n\t\t\t\t<div class=\"elementor-element elementor-element-0089c63 elementor-widget elementor-widget-toggle\" data-id=\"0089c63\" data-element_type=\"widget\" data-widget_type=\"toggle.default\">\n\t\t\t\t<div class=\"elementor-widget-container\">\n\t\t\t\t\t<div class=\"elementor-toggle\" role=\"tablist\">\n\t\t\t\t\t\t\t<div class=\"elementor-toggle-item\">\n\t\t\t\t\t<div id=\"elementor-tab-title-5641\" class=\"elementor-tab-title\" data-tab=\"1\" role=\"tab\" aria-controls=\"elementor-tab-content-5641\" aria-expanded=\"false\">\n\t\t\t\t\t\t\t\t\t\t\t\t<span class=\"elementor-toggle-icon elementor-toggle-icon-left\" aria-hidden=\"true\">\n\t\t\t\t\t\t\t\t\t\t\t\t\t\t\t<span class=\"elementor-toggle-icon-closed\"><i class=\"fas fa-plus\"><\/i><\/span>\n\t\t\t\t\t\t\t\t<span class=\"elementor-toggle-icon-opened\"><i class=\"elementor-toggle-icon-opened fas fa-minus\"><\/i><\/span>\n\t\t\t\t\t\t\t\t\t\t\t\t\t<\/span>\n\t\t\t\t\t\t\t\t\t\t\t\t<a href=\"\" class=\"elementor-toggle-title\">Fonctionnalit\u00e9s<\/a>\n\t\t\t\t\t<\/div>\n\t\t\t\t\t<div id=\"elementor-tab-content-5641\" class=\"elementor-tab-content elementor-clearfix\" data-tab=\"1\" role=\"tabpanel\" aria-labelledby=\"elementor-tab-title-5641\"><ul><li>Interfaces personnalisables\u00a0<\/li><li>Gestion des profils<\/li><li>Possibilit\u00e9 d&#8217;int\u00e9grer plans et pi\u00e8ces jointes<\/li><li>Gestion des r\u00e9formes<\/li><li>Interfa\u00e7able avec des outils tiers<\/li><li>Modules pour le contr\u00f4le d&#8217;inventaire<\/li><\/ul><\/div>\n\t\t\t\t<\/div>\n\t\t\t\t\t\t\t<div class=\"elementor-toggle-item\">\n\t\t\t\t\t<div id=\"elementor-tab-title-5642\" class=\"elementor-tab-title\" data-tab=\"2\" role=\"tab\" aria-controls=\"elementor-tab-content-5642\" aria-expanded=\"false\">\n\t\t\t\t\t\t\t\t\t\t\t\t<span class=\"elementor-toggle-icon elementor-toggle-icon-left\" aria-hidden=\"true\">\n\t\t\t\t\t\t\t\t\t\t\t\t\t\t\t<span class=\"elementor-toggle-icon-closed\"><i class=\"fas fa-plus\"><\/i><\/span>\n\t\t\t\t\t\t\t\t<span class=\"elementor-toggle-icon-opened\"><i class=\"elementor-toggle-icon-opened fas fa-minus\"><\/i><\/span>\n\t\t\t\t\t\t\t\t\t\t\t\t\t<\/span>\n\t\t\t\t\t\t\t\t\t\t\t\t<a href=\"\" class=\"elementor-toggle-title\">Configuration<\/a>\n\t\t\t\t\t<\/div>\n\t\t\t\t\t<div id=\"elementor-tab-content-5642\" class=\"elementor-tab-content elementor-clearfix\" data-tab=\"2\" role=\"tabpanel\" aria-labelledby=\"elementor-tab-title-5642\"><h3>Serveur<\/h3><p>\u00a0<\/p><p><u>Syst\u00e8me d&#8217;exploitation<\/u> : Windows Serveur ou Syst\u00e8me avec une base de donn\u00e9es de type MySql<\/p><p><u>Processeur<\/u> : 1Ghz<\/p><p><u>RAM<\/u> : 1 \u00e0 2 GO<\/p><p><u>Espace disponible<\/u> : 1GO &#8211; pour stockage des photos et plans sinon &lt; 50 MO<\/p><p>\u00a0<\/p><h3>Clients<\/h3><p>\u00a0<\/p><p><u>Syst\u00e8me d&#8217;exploitation<\/u> : Windows 8\/10<\/p><p>\u00a0\u00a0\u00a0\u00a0\u00a0\u00a0\u00a0\u00a0\u00a0\u00a0\u00a0 Le client doit disposer de la mise \u00e0 jour du Framework Microsoft 4.0<\/p><p><u>Processeur<\/u> : 1Ghz<\/p><p><u>Ram<\/u> : 512 MO<\/p><p><u>Carte graphique<\/u> : 128MO<\/p><p><u>Espace disponible<\/u> : 100MO<\/p><p>\u00a0<\/p><p>*Gestimmo utilise une chaine de connexion vers une base mysql situ\u00e9e sur un serveur. Tous types de serveur disposant de MySql Serveur est donc compatible avec Gestimmo.<\/p><p>L&#8217;installation se d\u00e9roule en 2 temps :<\/p><p>1) int\u00e9gration de la base de donn\u00e9es au format .MySql sur le serveur<\/p><p>2) installation de l&#8217;application sur les postes clients<\/p><\/div>\n\t\t\t\t<\/div>\n\t\t\t\t\t\t\t\t<\/div>\n\t\t\t\t<\/div>\n\t\t\t\t<\/div>\n\t\t\t\t\t<\/div>\n\t\t<\/div>\n\t\t\t\t\t\t\t<\/div>\n\t\t<\/section>\n\t\t\t\t<section class=\"elementor-section elementor-top-section elementor-element elementor-element-256ee26 elementor-section-boxed elementor-section-height-default elementor-section-height-default\" data-id=\"256ee26\" data-element_type=\"section\">\n\t\t\t\t\t\t<div class=\"elementor-container elementor-column-gap-default\">\n\t\t\t\t\t<div class=\"elementor-column elementor-col-100 elementor-top-column elementor-element elementor-element-28c001a\" data-id=\"28c001a\" data-element_type=\"column\">\n\t\t\t<div class=\"elementor-widget-wrap elementor-element-populated\">\n\t\t\t\t\t\t\t\t<div class=\"elementor-element elementor-element-9e9136a elementor-widget-divider--view-line elementor-widget elementor-widget-divider\" data-id=\"9e9136a\" data-element_type=\"widget\" data-widget_type=\"divider.default\">\n\t\t\t\t<div class=\"elementor-widget-container\">\n\t\t\t\t\t<div class=\"elementor-divider\">\n\t\t\t<span class=\"elementor-divider-separator\">\n\t\t\t\t\t\t<\/span>\n\t\t<\/div>\n\t\t\t\t<\/div>\n\t\t\t\t<\/div>\n\t\t\t\t<div class=\"elementor-element elementor-element-5bbcd2a elementor-widget elementor-widget-heading\" data-id=\"5bbcd2a\" data-element_type=\"widget\" data-widget_type=\"heading.default\">\n\t\t\t\t<div class=\"elementor-widget-container\">\n\t\t\t<h2 class=\"elementor-heading-title elementor-size-default\">Gestimmo Web<\/h2>\t\t<\/div>\n\t\t\t\t<\/div>\n\t\t\t\t<div class=\"elementor-element elementor-element-bde4e39 elementor-widget elementor-widget-text-editor\" data-id=\"bde4e39\" data-element_type=\"widget\" data-widget_type=\"text-editor.default\">\n\t\t\t\t<div class=\"elementor-widget-container\">\n\t\t\t\t\t\t\t\t<h3>Le logiciel de gestion des biens physiques en acc\u00e8s Web<\/h3><p>Afin de r\u00e9pondre aux demandes de leurs clients LCA CONSEILS a d\u00e9velopp\u00e9 un application Web reprenant la majorit\u00e9 des fonctionnalit\u00e9s de Gestimmo. Vous avez toujours la possibilit\u00e9 d&#8217;h\u00e9berger vos donn\u00e9es mais nous proposons \u00e9galement un service d&#8217;h\u00e9bergement.<\/p>\t\t\t\t\t\t<\/div>\n\t\t\t\t<\/div>\n\t\t\t\t<div class=\"elementor-element elementor-element-ca96ec5 elementor-arrows-position-outside elementor-pagination-position-outside elementor-widget elementor-widget-image-carousel\" data-id=\"ca96ec5\" data-element_type=\"widget\" data-settings=\"{&quot;slides_to_show&quot;:&quot;2&quot;,&quot;autoplay&quot;:&quot;no&quot;,&quot;infinite&quot;:&quot;no&quot;,&quot;navigation&quot;:&quot;both&quot;,&quot;speed&quot;:500}\" data-widget_type=\"image-carousel.default\">\n\t\t\t\t<div class=\"elementor-widget-container\">\n\t\t\t\t\t<div class=\"elementor-image-carousel-wrapper swiper-container\" dir=\"ltr\">\n\t\t\t<div class=\"elementor-image-carousel swiper-wrapper\">\n\t\t\t\t<div class=\"swiper-slide\"><figure class=\"swiper-slide-inner\"><img class=\"swiper-slide-image\" src=\"https:\/\/test.lcaconseils.com\/wp-content\/uploads\/2021\/07\/GW5.png\" alt=\"GW5\" \/><\/figure><\/div><div class=\"swiper-slide\"><figure class=\"swiper-slide-inner\"><img class=\"swiper-slide-image\" src=\"https:\/\/test.lcaconseils.com\/wp-content\/uploads\/2021\/07\/GW2.png\" alt=\"GW2\" \/><\/figure><\/div><div class=\"swiper-slide\"><figure class=\"swiper-slide-inner\"><img class=\"swiper-slide-image\" src=\"https:\/\/test.lcaconseils.com\/wp-content\/uploads\/2021\/07\/GW6.png\" alt=\"GW6\" \/><\/figure><\/div><div class=\"swiper-slide\"><figure class=\"swiper-slide-inner\"><img class=\"swiper-slide-image\" src=\"https:\/\/test.lcaconseils.com\/wp-content\/uploads\/2021\/07\/GW4.png\" alt=\"GW4\" \/><\/figure><\/div><div class=\"swiper-slide\"><figure class=\"swiper-slide-inner\"><img class=\"swiper-slide-image\" src=\"https:\/\/test.lcaconseils.com\/wp-content\/uploads\/2021\/07\/GW3.png\" alt=\"GW3\" \/><\/figure><\/div><div class=\"swiper-slide\"><figure class=\"swiper-slide-inner\"><img class=\"swiper-slide-image\" src=\"https:\/\/test.lcaconseils.com\/wp-content\/uploads\/2021\/07\/GW1.png\" alt=\"GW1\" \/><\/figure><\/div>\t\t\t<\/div>\n\t\t\t\t\t\t\t\t\t\t\t\t<div class=\"swiper-pagination\"><\/div>\n\t\t\t\t\t\t\t\t\t\t\t\t\t<div class=\"elementor-swiper-button elementor-swiper-button-prev\">\n\t\t\t\t\t\t<i class=\"eicon-chevron-left\" aria-hidden=\"true\"><\/i>\n\t\t\t\t\t\t<span class=\"elementor-screen-only\">Previous<\/span>\n\t\t\t\t\t<\/div>\n\t\t\t\t\t<div class=\"elementor-swiper-button elementor-swiper-button-next\">\n\t\t\t\t\t\t<i class=\"eicon-chevron-right\" aria-hidden=\"true\"><\/i>\n\t\t\t\t\t\t<span class=\"elementor-screen-only\">Next<\/span>\n\t\t\t\t\t<\/div>\n\t\t\t\t\t\t\t\t\t<\/div>\n\t\t\t\t<\/div>\n\t\t\t\t<\/div>\n\t\t\t\t\t<\/div>\n\t\t<\/div>\n\t\t\t\t\t\t\t<\/div>\n\t\t<\/section>\n\t\t\t\t\t\t<\/div>\n\t\t\t\t\t<\/div>\n\t\t","protected":false},"excerpt":{"rendered":"<p>Gestimmo Le logiciel de gestion des biens physiques LCA CONSEILS a d\u00e9velopp\u00e9 un logiciel d\u2019inventaire physique complet sp\u00e9cialement pens\u00e9 pour les utilisateurs et les acteurs de l\u2019inventaire, mais r\u00e9pondant \u00e9galement aux obligations et aux contraintes juridiques, comptables et financi\u00e8res. Pr\u00e9c\u00e9dent Suivant Fonctionnalit\u00e9s Interfaces personnalisables\u00a0 Gestion des profils Possibilit\u00e9 d&rsquo;int\u00e9grer plans et pi\u00e8ces jointes Gestion des [&hellip;]<\/p>\n","protected":false},"author":1,"featured_media":0,"parent":0,"menu_order":0,"comment_status":"closed","ping_status":"closed","template":"","meta":[],"_links":{"self":[{"href":"https:\/\/test.lcaconseils.com\/index.php\/wp-json\/wp\/v2\/pages\/190"}],"collection":[{"href":"https:\/\/test.lcaconseils.com\/index.php\/wp-json\/wp\/v2\/pages"}],"about":[{"href":"https:\/\/test.lcaconseils.com\/index.php\/wp-json\/wp\/v2\/types\/page"}],"author":[{"embeddable":true,"href":"https:\/\/test.lcaconseils.com\/index.php\/wp-json\/wp\/v2\/users\/1"}],"replies":[{"embeddable":true,"href":"https:\/\/test.lcaconseils.com\/index.php\/wp-json\/wp\/v2\/comments?post=190"}],"version-history":[{"count":62,"href":"https:\/\/test.lcaconseils.com\/index.php\/wp-json\/wp\/v2\/pages\/190\/revisions"}],"predecessor-version":[{"id":385,"href":"https:\/\/test.lcaconseils.com\/index.php\/wp-json\/wp\/v2\/pages\/190\/revisions\/385"}],"wp:attachment":[{"href":"https:\/\/test.lcaconseils.com\/index.php\/wp-json\/wp\/v2\/media?parent=190"}],"curies":[{"name":"wp","href":"https:\/\/api.w.org\/{rel}","templated":true}]}}