{"id":136,"date":"2021-07-13T10:39:52","date_gmt":"2021-07-13T08:39:52","guid":{"rendered":"https:\/\/test.lcaconseils.com\/?page_id=136"},"modified":"2021-07-18T20:20:45","modified_gmt":"2021-07-18T18:20:45","slug":"elementor-136","status":"publish","type":"page","link":"https:\/\/test.lcaconseils.com\/index.php\/elementor-136\/","title":{"rendered":"M\u00e9tiers"},"content":{"rendered":"\t\t<div data-elementor-type=\"wp-page\" data-elementor-id=\"136\" class=\"elementor elementor-136\" data-elementor-settings=\"[]\">\n\t\t\t\t\t\t\t<div class=\"elementor-section-wrap\">\n\t\t\t\t\t\t\t<section class=\"elementor-section elementor-top-section elementor-element elementor-element-aac53c5 elementor-section-full_width elementor-section-content-top elementor-section-height-default elementor-section-height-default\" data-id=\"aac53c5\" data-element_type=\"section\" data-settings=\"{&quot;background_background&quot;:&quot;classic&quot;}\">\n\t\t\t\t\t\t<div class=\"elementor-container elementor-column-gap-default\">\n\t\t\t\t\t<div class=\"elementor-column elementor-col-50 elementor-top-column elementor-element elementor-element-2cf4972\" data-id=\"2cf4972\" data-element_type=\"column\" data-settings=\"{&quot;background_background&quot;:&quot;classic&quot;}\">\n\t\t\t<div class=\"elementor-widget-wrap elementor-element-populated\">\n\t\t\t\t\t\t\t\t<div class=\"elementor-element elementor-element-2aafb53 elementor-widget elementor-widget-heading\" data-id=\"2aafb53\" data-element_type=\"widget\" data-widget_type=\"heading.default\">\n\t\t\t\t<div class=\"elementor-widget-container\">\n\t\t\t<h2 class=\"elementor-heading-title elementor-size-default\">Gestion du patrimoine immobilier<\/h2>\t\t<\/div>\n\t\t\t\t<\/div>\n\t\t\t\t<div class=\"elementor-element elementor-element-2b62938 elementor-widget-divider--view-line elementor-widget elementor-widget-divider\" data-id=\"2b62938\" data-element_type=\"widget\" data-widget_type=\"divider.default\">\n\t\t\t\t<div class=\"elementor-widget-container\">\n\t\t\t\t\t<div class=\"elementor-divider\">\n\t\t\t<span class=\"elementor-divider-separator\">\n\t\t\t\t\t\t<\/span>\n\t\t<\/div>\n\t\t\t\t<\/div>\n\t\t\t\t<\/div>\n\t\t\t\t<div class=\"elementor-element elementor-element-4c49778 elementor-widget elementor-widget-text-editor\" data-id=\"4c49778\" data-element_type=\"widget\" data-widget_type=\"text-editor.default\">\n\t\t\t\t<div class=\"elementor-widget-container\">\n\t\t\t\t\t\t\t\t<p>-Maintenance et programmation des interventions ou gestion technique des b\u00e2timents (politique de maintenance, programmation des travaux, gestion des \u00e9v\u00e9nements, int\u00e9gration des outils comme la GMAO &#8230;)<\/p><p>-AMO en acquisition de progiciel de gestion du patrimoine et de gestion des immobilisations<\/p><p>-Connaissance de la situation du patrimoine ou gestion financi\u00e8re, administrative et juridique des locaux (composition du patrimoine, valeur, \u00e9tat de sant\u00e9, suivi budg\u00e9taire et financier, \u00e9change d&#8217;informations, &#8230;)<\/p><p>-Maintenance et programmation des interventions ou gestion technique des b\u00e2timents (politique de maintenance, programmation des travaux, gestion des \u00e9v\u00e9nements, int\u00e9gration des outils comme la GMAO &#8230;)<\/p><p>-Exploitation des infrastructures ou gestion op\u00e9rationnelle du patrimoine (gestion des fluides et r\u00e9seaux, ren\u00e9gociation des contrats d&#8217;assurance, d&#8217;entretien et d&#8217;\u00e9nergie, &#8230;)<\/p><p>-AMO en acquisition de progiciel de gestion du patrimoine et de gestion des immobilisations<\/p>\t\t\t\t\t\t<\/div>\n\t\t\t\t<\/div>\n\t\t\t\t\t<\/div>\n\t\t<\/div>\n\t\t\t\t<div class=\"elementor-column elementor-col-50 elementor-top-column elementor-element elementor-element-e5e9f85\" data-id=\"e5e9f85\" data-element_type=\"column\" data-settings=\"{&quot;background_background&quot;:&quot;classic&quot;}\">\n\t\t\t<div class=\"elementor-widget-wrap elementor-element-populated\">\n\t\t\t\t\t\t\t\t<div class=\"elementor-element elementor-element-f198d87 elementor-widget elementor-widget-heading\" data-id=\"f198d87\" data-element_type=\"widget\" data-widget_type=\"heading.default\">\n\t\t\t\t<div class=\"elementor-widget-container\">\n\t\t\t<h2 class=\"elementor-heading-title elementor-size-default\">Gestion du patrimoine mobilier<\/h2>\t\t<\/div>\n\t\t\t\t<\/div>\n\t\t\t\t<div class=\"elementor-element elementor-element-948eda3 elementor-widget-divider--view-line elementor-widget elementor-widget-divider\" data-id=\"948eda3\" data-element_type=\"widget\" data-widget_type=\"divider.default\">\n\t\t\t\t<div class=\"elementor-widget-container\">\n\t\t\t\t\t<div class=\"elementor-divider\">\n\t\t\t<span class=\"elementor-divider-separator\">\n\t\t\t\t\t\t<\/span>\n\t\t<\/div>\n\t\t\t\t<\/div>\n\t\t\t\t<\/div>\n\t\t\t\t<div class=\"elementor-element elementor-element-989ace6 elementor-widget elementor-widget-text-editor\" data-id=\"989ace6\" data-element_type=\"widget\" data-widget_type=\"text-editor.default\">\n\t\t\t\t<div class=\"elementor-widget-container\">\n\t\t\t\t\t\t\t\t<p>-Audit de la situation initiale<\/p><p>-R\u00e9cup\u00e9ration et audit des donn\u00e9es comptables et financi\u00e8res<\/p><p>-Cr\u00e9ation d&#8217;une base de donn\u00e9es sous GESTIMMO<\/p><p>-Formation, Installation, mise en place du projet inventaire<\/p><p>-Rapprochement physico-comptable des biens de l&#8217;actif<\/p><p>-Validation des proc\u00e9dures\u00a0 organisationnelles et techniques, p\u00e9rennisation<\/p><p>-Optimisation des achats<\/p>\t\t\t\t\t\t<\/div>\n\t\t\t\t<\/div>\n\t\t\t\t\t<\/div>\n\t\t<\/div>\n\t\t\t\t\t\t\t<\/div>\n\t\t<\/section>\n\t\t\t\t<section class=\"elementor-section elementor-top-section elementor-element elementor-element-b3e9b8d elementor-section-boxed elementor-section-height-default elementor-section-height-default\" data-id=\"b3e9b8d\" data-element_type=\"section\">\n\t\t\t\t\t\t<div class=\"elementor-container elementor-column-gap-default\">\n\t\t\t\t\t<div class=\"elementor-column elementor-col-100 elementor-top-column elementor-element elementor-element-5aa5923\" data-id=\"5aa5923\" data-element_type=\"column\">\n\t\t\t<div class=\"elementor-widget-wrap\">\n\t\t\t\t\t\t\t\t\t<\/div>\n\t\t<\/div>\n\t\t\t\t\t\t\t<\/div>\n\t\t<\/section>\n\t\t\t\t\t\t<\/div>\n\t\t\t\t\t<\/div>\n\t\t","protected":false},"excerpt":{"rendered":"<p>Gestion du patrimoine immobilier -Maintenance et programmation des interventions ou gestion technique des b\u00e2timents (politique de maintenance, programmation des travaux, gestion des \u00e9v\u00e9nements, int\u00e9gration des outils comme la GMAO &#8230;) -AMO en acquisition de progiciel de gestion du patrimoine et de gestion des immobilisations -Connaissance de la situation du patrimoine ou gestion financi\u00e8re, administrative et [&hellip;]<\/p>\n","protected":false},"author":1,"featured_media":0,"parent":0,"menu_order":0,"comment_status":"closed","ping_status":"closed","template":"","meta":[],"_links":{"self":[{"href":"https:\/\/test.lcaconseils.com\/index.php\/wp-json\/wp\/v2\/pages\/136"}],"collection":[{"href":"https:\/\/test.lcaconseils.com\/index.php\/wp-json\/wp\/v2\/pages"}],"about":[{"href":"https:\/\/test.lcaconseils.com\/index.php\/wp-json\/wp\/v2\/types\/page"}],"author":[{"embeddable":true,"href":"https:\/\/test.lcaconseils.com\/index.php\/wp-json\/wp\/v2\/users\/1"}],"replies":[{"embeddable":true,"href":"https:\/\/test.lcaconseils.com\/index.php\/wp-json\/wp\/v2\/comments?post=136"}],"version-history":[{"count":28,"href":"https:\/\/test.lcaconseils.com\/index.php\/wp-json\/wp\/v2\/pages\/136\/revisions"}],"predecessor-version":[{"id":400,"href":"https:\/\/test.lcaconseils.com\/index.php\/wp-json\/wp\/v2\/pages\/136\/revisions\/400"}],"wp:attachment":[{"href":"https:\/\/test.lcaconseils.com\/index.php\/wp-json\/wp\/v2\/media?parent=136"}],"curies":[{"name":"wp","href":"https:\/\/api.w.org\/{rel}","templated":true}]}}