{"id":10,"date":"2021-07-12T19:02:29","date_gmt":"2021-07-12T17:02:29","guid":{"rendered":"http:\/\/test.lcaconseils.com\/?page_id=10"},"modified":"2021-07-14T10:15:15","modified_gmt":"2021-07-14T08:15:15","slug":"accueil","status":"publish","type":"page","link":"https:\/\/test.lcaconseils.com\/","title":{"rendered":"Accueil"},"content":{"rendered":"\t\t<div data-elementor-type=\"wp-page\" data-elementor-id=\"10\" class=\"elementor elementor-10\" data-elementor-settings=\"[]\">\n\t\t\t\t\t\t\t<div class=\"elementor-section-wrap\">\n\t\t\t\t\t\t\t<section class=\"elementor-section elementor-top-section elementor-element elementor-element-3002430 elementor-section-boxed elementor-section-height-default elementor-section-height-default\" data-id=\"3002430\" data-element_type=\"section\">\n\t\t\t\t\t\t<div class=\"elementor-container elementor-column-gap-default\">\n\t\t\t\t\t<div class=\"elementor-column elementor-col-50 elementor-top-column elementor-element elementor-element-8c4adc4\" data-id=\"8c4adc4\" data-element_type=\"column\">\n\t\t\t<div class=\"elementor-widget-wrap elementor-element-populated\">\n\t\t\t\t\t\t\t\t<div class=\"elementor-element elementor-element-4a0406c elementor-widget elementor-widget-image\" data-id=\"4a0406c\" data-element_type=\"widget\" data-widget_type=\"image.default\">\n\t\t\t\t<div class=\"elementor-widget-container\">\n\t\t\t\t\t\t\t\t\t\t\t\t\t\t\t<img src=\"https:\/\/test.lcaconseils.com\/wp-content\/uploads\/2021\/07\/Bercy.png\" title=\"Bercy\" alt=\"Bercy\" \/>\t\t\t\t\t\t\t\t\t\t\t\t\t\t\t<\/div>\n\t\t\t\t<\/div>\n\t\t\t\t\t<\/div>\n\t\t<\/div>\n\t\t\t\t<div class=\"elementor-column elementor-col-50 elementor-top-column elementor-element elementor-element-526d093\" data-id=\"526d093\" data-element_type=\"column\">\n\t\t\t<div class=\"elementor-widget-wrap elementor-element-populated\">\n\t\t\t\t\t\t\t\t<div class=\"elementor-element elementor-element-f82c713 elementor-drop-cap-yes elementor-drop-cap-view-default elementor-widget elementor-widget-text-editor\" data-id=\"f82c713\" data-element_type=\"widget\" data-settings=\"{&quot;drop_cap&quot;:&quot;yes&quot;}\" data-widget_type=\"text-editor.default\">\n\t\t\t\t<div class=\"elementor-widget-container\">\n\t\t\t\t\t\t\t\t<p>L\u2019optimisation de la gestion du patrimoine est aujourd\u2019hui probablement le dernier levier important dans l\u2019objectif de d\u00e9gager des marges de man\u0153uvres.<\/p>\n<p><!-- \/wp:paragraph --><!-- wp:paragraph --><\/p>\n<p>Mais pour bien g\u00e9rer, il faut pr\u00e9alablement conna\u00eetre et donc r\u00e9aliser des inventaires physique et comptable. Les Entreprises priv\u00e9es op\u00e8rent ces inventaires depuis longtemps, notamment dans l\u2019optique de baisser leurs taxes, mais aussi pour g\u00e9rer au plus fin leurs stocks et leurs amortissements. Depuis 2004, l\u2019Etat met en place un inventaire de son patrimoine immobilier avec le Tableau G\u00e9n\u00e9ral des Propri\u00e9t\u00e9s de l\u2019Etat (TGPE). Cela s\u2019est encore renforc\u00e9 par la Loi Organique relative \u00e0 la&nbsp;<a href=\"https:\/\/www.minefi.gouv.fr\/lolf\/4clics\/clic1.htm\">Loi de Finances du 1er Ao\u00fbt 2001<\/a>&nbsp;applicable au 1er Janvier 2006 et la R\u00e9vision G\u00e9n\u00e9ral des Politiques Publiques (RGPP). Les collectivit\u00e9s locales doivent depuis la M14 tenir \u00e0 jour leur inventaire mobilier et immobilier.<\/p>\n<p><!-- \/wp:paragraph --><!-- wp:image {\"align\":\"center\",\"width\":-177,\"height\":-195} --><\/p>\n<p><!-- \/wp:image --><!-- wp:paragraph --><\/p>\n<p>&nbsp;Au del\u00e0 des contraintes incitatives et des contr\u00f4les renforc\u00e9s de la part des autorit\u00e9s de tutelle, la gestion optimis\u00e9e du patrimoine en g\u00e9n\u00e9ral et la mise en place d\u2019inventaires en particulier sont vertueuses et g\u00e9n\u00e9ratrices de ressources jusque-l\u00e0 inexploit\u00e9es.<\/p>\t\t\t\t\t\t<\/div>\n\t\t\t\t<\/div>\n\t\t\t\t\t<\/div>\n\t\t<\/div>\n\t\t\t\t\t\t\t<\/div>\n\t\t<\/section>\n\t\t\t\t<section class=\"elementor-section elementor-top-section elementor-element elementor-element-27e0dd1d elementor-section-boxed elementor-section-height-default elementor-section-height-default\" data-id=\"27e0dd1d\" data-element_type=\"section\">\n\t\t\t\t\t\t<div class=\"elementor-container elementor-column-gap-default\">\n\t\t\t\t\t<div class=\"elementor-column elementor-col-100 elementor-top-column elementor-element elementor-element-4e0c5bf\" data-id=\"4e0c5bf\" data-element_type=\"column\">\n\t\t\t<div class=\"elementor-widget-wrap elementor-element-populated\">\n\t\t\t\t\t\t\t\t<div class=\"elementor-element elementor-element-fa6edcd elementor-widget elementor-widget-text-editor\" data-id=\"fa6edcd\" data-element_type=\"widget\" data-widget_type=\"text-editor.default\">\n\t\t\t\t<div class=\"elementor-widget-container\">\n\t\t\t\t\t\t\t\t<!-- wp:paragraph --><!-- \/wp:paragraph --><!-- wp:paragraph -->\n<p>\u00a0LCA Conseils s\u2019\u00e9rige en partenaire afin que vous viviez la gestion de vos immobilisations comme une solution nouvelle r\u00e9pondant \u00e0 vos obligations et aux n\u00e9cessit\u00e9s de votre gestion interne, et non plus seulement comme une contrainte.<\/p>\n<!-- \/wp:paragraph --><!-- wp:paragraph -->\n<p><strong>Elus, directeurs g\u00e9n\u00e9raux,\u00a0techniques ou financiers, la gestion des biens de votre organisation est souvent complexifi\u00e9e par la multitude d&#8217;intervenants et acteurs, l&#8217;importance des volumes et valeurs et le manque de reporting<\/strong><\/p>\n<!-- \/wp:paragraph --><!-- wp:paragraph -->\n<p><strong>Sur les aspects comptables et financiers<\/strong>, nous r\u00e9alisons des missions d&#8217;inventaires physiques et comptables.\u00a0Ces\u00a0interventions facilitent l&#8217;apurement et la v\u00e9racit\u00e9 de\u00a0votre \u00e9tat de l&#8217;actif, am\u00e9liorent votre gestion des immobilisations et satisfont aux exigences r\u00e9glementaires comme aux contr\u00f4les des autorit\u00e9s de tutelle.<\/p>\n<!-- \/wp:paragraph --><!-- wp:paragraph -->\n<p><strong>Dans le domaine\u00a0juridique<\/strong>, notre expertise vous permet de gagner des marges de man\u0153uvres importantes sur la ren\u00e9gociation des contrats (assurance, entretien, maintenance), la mise en conformit\u00e9\u00a0aux normes en vigueur, l&#8217;harmonisation des baux, la propri\u00e9t\u00e9 et l&#8217;affectation des biens.\u00a0<\/p>\n<!-- \/wp:paragraph --><!-- wp:paragraph -->\n<p><strong>Du point de vue technique<\/strong>, nos consultants vous encadrent dans l&#8217;inventaire pr\u00e9cis des b\u00e2timents (r\u00e9f\u00e9renciel unique), la gestion des fluides, la programmation pluriannuelle et la mise en place d&#8217;une maintenance pr\u00e9ventive.<\/p>\n<!-- \/wp:paragraph --><!-- wp:paragraph -->\n<p><strong>Sur le plan informatique et logiciel<\/strong>, notre connaissance parfaite des outils du march\u00e9 tant en gestion des immobilisations qu&#8217;en gestion technique du patrimoine ou autre SIG nous positionne comme un des meilleurs<\/p>\n<p><strong>AMO sur l&#8217;acquisition de progiciel <\/strong>d\u00e9di\u00e9s<\/p>\n<!-- \/wp:paragraph -->\t\t\t\t\t\t<\/div>\n\t\t\t\t<\/div>\n\t\t\t\t\t<\/div>\n\t\t<\/div>\n\t\t\t\t\t\t\t<\/div>\n\t\t<\/section>\n\t\t\t\t\t\t<\/div>\n\t\t\t\t\t<\/div>\n\t\t","protected":false},"excerpt":{"rendered":"<p>L\u2019optimisation de la gestion du patrimoine est aujourd\u2019hui probablement le dernier levier important dans l\u2019objectif de d\u00e9gager des marges de man\u0153uvres. Mais pour bien g\u00e9rer, il faut pr\u00e9alablement conna\u00eetre et donc r\u00e9aliser des inventaires physique et comptable. Les Entreprises priv\u00e9es op\u00e8rent ces inventaires depuis longtemps, notamment dans l\u2019optique de baisser leurs taxes, mais aussi pour [&hellip;]<\/p>\n","protected":false},"author":1,"featured_media":0,"parent":0,"menu_order":0,"comment_status":"closed","ping_status":"closed","template":"elementor_theme","meta":[],"_links":{"self":[{"href":"https:\/\/test.lcaconseils.com\/index.php\/wp-json\/wp\/v2\/pages\/10"}],"collection":[{"href":"https:\/\/test.lcaconseils.com\/index.php\/wp-json\/wp\/v2\/pages"}],"about":[{"href":"https:\/\/test.lcaconseils.com\/index.php\/wp-json\/wp\/v2\/types\/page"}],"author":[{"embeddable":true,"href":"https:\/\/test.lcaconseils.com\/index.php\/wp-json\/wp\/v2\/users\/1"}],"replies":[{"embeddable":true,"href":"https:\/\/test.lcaconseils.com\/index.php\/wp-json\/wp\/v2\/comments?post=10"}],"version-history":[{"count":9,"href":"https:\/\/test.lcaconseils.com\/index.php\/wp-json\/wp\/v2\/pages\/10\/revisions"}],"predecessor-version":[{"id":399,"href":"https:\/\/test.lcaconseils.com\/index.php\/wp-json\/wp\/v2\/pages\/10\/revisions\/399"}],"wp:attachment":[{"href":"https:\/\/test.lcaconseils.com\/index.php\/wp-json\/wp\/v2\/media?parent=10"}],"curies":[{"name":"wp","href":"https:\/\/api.w.org\/{rel}","templated":true}]}}